{"id":259,"date":"2021-06-07T08:18:09","date_gmt":"2021-06-07T13:18:09","guid":{"rendered":"http:\/\/reparationpiscine.ca\/contactez-nous\/"},"modified":"2026-03-24T15:41:00","modified_gmt":"2026-03-24T20:41:00","slug":"contact-us","status":"publish","type":"page","link":"https:\/\/reparationpiscine.ca\/en\/contact-us\/","title":{"rendered":"Contact Us"},"content":{"rendered":"<div class=\"wpb-content-wrapper\">[mk_page_section bg_image=&#8221;http:\/\/reparationpiscine.ca\/wp-content\/uploads\/piscine-creusee-toile-opt.jpg&#8221; bg_position=&#8221;center center&#8221; bg_repeat=&#8221;no-repeat&#8221; bg_stretch=&#8221;true&#8221; enable_3d=&#8221;true&#8221; video_opacity=&#8221;0&#8243; js_vertical_centered=&#8221;true&#8221; padding_top=&#8221;300&#8243; padding_bottom=&#8221;300&#8243; sidebar=&#8221;sidebar-1&#8243;][vc_column][mk_padding_divider visibility=&#8221;hidden-sm&#8221;][vc_row_inner][vc_column_inner][mk_padding_divider size=&#8221;30&#8243; visibility=&#8221;hidden-sm&#8221;][mk_fancy_title tag_name=&#8221;h1&#8243; color=&#8221;#ffffff&#8221; size=&#8221;52&#8243; force_font_size=&#8221;true&#8221; size_tablet=&#8221;42&#8243; size_phone=&#8221;32&#8243; font_weight=&#8221;bold&#8221; txt_transform=&#8221;uppercase&#8221; margin_bottom=&#8221;0&#8243; font_family=&#8221;none&#8221; align=&#8221;center&#8221; drop_shadow=&#8221;true&#8221; shadow_color=&#8221;#000000&#8243;]Specialized for concrete swimming pools, leak detection and water calibration[\/mk_fancy_title][vc_separator color=&#8221;white&#8221; border_width=&#8221;4&#8243; el_width=&#8221;20&#8243;][mk_fancy_title color=&#8221;#ffffff&#8221; size=&#8221;38&#8243; force_font_size=&#8221;true&#8221; size_tablet=&#8221;32&#8243; size_phone=&#8221;28&#8243; font_weight=&#8221;bold&#8221; margin_bottom=&#8221;0&#8243; font_family=&#8221;none&#8221; align=&#8221;center&#8221; drop_shadow=&#8221;true&#8221; shadow_color=&#8221;#000000&#8243;]<a href=\"tel:+15147058918\">(514) 705-8918<\/a>[\/mk_fancy_title][\/vc_column_inner][\/vc_row_inner][\/vc_column][\/mk_page_section][mk_page_section bg_color=&#8221;#065c8e&#8221; bg_position=&#8221;center bottom&#8221; bg_repeat=&#8221;no-repeat&#8221; bg_stretch=&#8221;true&#8221; enable_3d=&#8221;true&#8221; video_color_mask=&#8221;#000000&#8243; video_opacity=&#8221;0.3&#8243; js_vertical_centered=&#8221;true&#8221; padding_top=&#8221;30&#8243; padding_bottom=&#8221;30&#8243; sidebar=&#8221;sidebar-1&#8243;][vc_column width=&#8221;1\/3&#8243;][mk_fancy_title color=&#8221;#ffffff&#8221; size=&#8221;30&#8243; force_font_size=&#8221;true&#8221; size_tablet=&#8221;32&#8243; size_phone=&#8221;28&#8243; font_weight=&#8221;bold&#8221; margin_bottom=&#8221;0&#8243; font_family=&#8221;none&#8221;]Business Hours<br \/>\n[\/mk_fancy_title][mk_fancy_title tag_name=&#8221;span&#8221; color=&#8221;#ffffff&#8221; size=&#8221;16&#8243; font_weight=&#8221;400&#8243; font_family=&#8221;none&#8221; responsive_align=&#8221;left&#8221;]24\/7 service, with appointment<\/p>\n<p>Monday to Friday: 8:00 a.m. to 6:00 p.m.<br \/>\nSaturday: Closed<br \/>\nSunday: Closed[\/mk_fancy_title][vc_single_image image=&#8221;741&#8243; img_size=&#8221;full&#8221; alignment=&#8221;center&#8221;][\/vc_column][vc_column width=&#8221;2\/3&#8243;][mk_fancy_title color=&#8221;#ffffff&#8221; size=&#8221;30&#8243; force_font_size=&#8221;true&#8221; size_tablet=&#8221;32&#8243; size_phone=&#8221;28&#8243; font_weight=&#8221;bold&#8221; margin_bottom=&#8221;0&#8243; font_family=&#8221;none&#8221;]Write us[\/mk_fancy_title]\n<div class=\"wpcf7 no-js\" id=\"wpcf7-f265-o1\" lang=\"fr-CA\" dir=\"ltr\" data-wpcf7-id=\"265\">\n<div class=\"screen-reader-response\"><p role=\"status\" aria-live=\"polite\" aria-atomic=\"true\"><\/p> <ul><\/ul><\/div>\n<form action=\"\/en\/wp-json\/wp\/v2\/pages\/259#wpcf7-f265-o1\" method=\"post\" class=\"wpcf7-form init\" aria-label=\"Contact form\" novalidate=\"novalidate\" data-status=\"init\">\n<fieldset class=\"hidden-fields-container\"><input type=\"hidden\" name=\"_wpcf7\" value=\"265\" \/><input type=\"hidden\" name=\"_wpcf7_version\" value=\"6.1.5\" \/><input type=\"hidden\" name=\"_wpcf7_locale\" value=\"fr_CA\" \/><input type=\"hidden\" name=\"_wpcf7_unit_tag\" value=\"wpcf7-f265-o1\" \/><input type=\"hidden\" name=\"_wpcf7_container_post\" value=\"0\" \/><input type=\"hidden\" name=\"_wpcf7_posted_data_hash\" value=\"\" \/><input type=\"hidden\" name=\"_wpcf7_recaptcha_response\" value=\"\" \/>\n<\/fieldset>\n<p><span class=\"wpcf7-form-control-wrap\" data-name=\"your-name\"><input size=\"40\" maxlength=\"400\" class=\"wpcf7-form-control wpcf7-text wpcf7-validates-as-required\" aria-required=\"true\" aria-invalid=\"false\" placeholder=\"First and last names*\" value=\"\" type=\"text\" name=\"your-name\" \/><\/span><br \/>\n<span class=\"wpcf7-form-control-wrap\" data-name=\"your-tel\"><input size=\"40\" maxlength=\"400\" class=\"wpcf7-form-control wpcf7-tel wpcf7-validates-as-required wpcf7-text wpcf7-validates-as-tel\" aria-required=\"true\" aria-invalid=\"false\" placeholder=\"Phone*\" value=\"\" type=\"tel\" name=\"your-tel\" \/><\/span><br \/>\n<span class=\"wpcf7-form-control-wrap\" data-name=\"your-address\"><input size=\"40\" maxlength=\"400\" class=\"wpcf7-form-control wpcf7-text\" aria-invalid=\"false\" placeholder=\"Address\" value=\"\" type=\"text\" name=\"your-address\" \/><\/span><br \/>\n<span class=\"wpcf7-form-control-wrap\" data-name=\"your-city\"><input size=\"40\" maxlength=\"400\" class=\"wpcf7-form-control wpcf7-text wpcf7-validates-as-required\" aria-required=\"true\" aria-invalid=\"false\" placeholder=\"City*\" value=\"\" type=\"text\" name=\"your-city\" \/><\/span><br \/>\n<span class=\"wpcf7-form-control-wrap\" data-name=\"your-email\"><input size=\"40\" maxlength=\"400\" class=\"wpcf7-form-control wpcf7-email wpcf7-validates-as-required wpcf7-text wpcf7-validates-as-email\" aria-required=\"true\" aria-invalid=\"false\" placeholder=\"Email*\" value=\"\" type=\"email\" name=\"your-email\" \/><\/span>\n<\/p>\n<p><strong>Residential or commercial<\/strong><br \/>\n<span class=\"wpcf7-form-control-wrap\" data-name=\"your-type\"><select class=\"wpcf7-form-control wpcf7-select wpcf7-validates-as-required\" aria-required=\"true\" aria-invalid=\"false\" name=\"your-type\"><option value=\"Residential\">Residential<\/option><option value=\"Commercial\">Commercial<\/option><\/select><\/span>\n<\/p>\n<p><strong>For which type of pool would you want information?<br \/>\nOptions : <\/strong><br \/>\n*Please note we do not offer services for above-ground pools<br \/>\n<span class=\"wpcf7-form-control-wrap\" data-name=\"your-pool\"><select class=\"wpcf7-form-control wpcf7-select wpcf7-validates-as-required\" aria-required=\"true\" aria-invalid=\"false\" name=\"your-pool\"><option value=\"Concrete Inground Pool\">Concrete Inground Pool<\/option><option value=\"Inground pool with liner\">Inground pool with liner<\/option><option value=\"Fiberglass Inground Pool\">Fiberglass Inground Pool<\/option><\/select><\/span>\n<\/p>\n<p><strong>Type of service desired<\/strong><br \/>\n<span class=\"wpcf7-form-control-wrap\" data-name=\"your-service\"><select class=\"wpcf7-form-control wpcf7-select wpcf7-validates-as-required\" aria-required=\"true\" aria-invalid=\"false\" name=\"your-service\"><option value=\"Maintenance\">Maintenance<\/option><option value=\"Maintenance\">Maintenance<\/option><option value=\"Repair\">Repair<\/option><option value=\"Leak detection\">Leak detection<\/option><option value=\"Renovation\">Renovation<\/option><option value=\"Painting\">Painting<\/option><option value=\"Ceramic\">Ceramic<\/option><option value=\"Equipment\">Equipment<\/option><option value=\"Accessories\">Accessories<\/option><option value=\"Chemical products\">Chemical products<\/option><\/select><\/span>\n<\/p>\n<p><span class=\"wpcf7-form-control-wrap\" data-name=\"pool-size\"><input size=\"40\" maxlength=\"400\" class=\"wpcf7-form-control wpcf7-text\" aria-invalid=\"false\" placeholder=\"Size of your pool (optional)\" value=\"\" type=\"text\" name=\"pool-size\" \/><\/span>\n<\/p>\n<p><span class=\"wpcf7-form-control-wrap\" data-name=\"your-message\"><textarea cols=\"40\" rows=\"10\" maxlength=\"2000\" class=\"wpcf7-form-control wpcf7-textarea wpcf7-validates-as-required\" aria-required=\"true\" aria-invalid=\"false\" placeholder=\"Message*\" name=\"your-message\"><\/textarea><\/span>\n<\/p>\n<p><strong>Attach images or documents<\/strong><br \/>\n<small><em>Accepted formats : JPG, GIF, PNG, TIFF, PDF, DOC, DOCX. Maximum 10 files or 16MB<\/em><\/small><br \/>\n<span class=\"wpcf7-form-control-wrap\" data-name=\"mfile-205\"><input size=\"40\" class=\"wpcf7-form-control wpcf7-drag-n-drop-file d-none\" aria-invalid=\"false\" type=\"file\" multiple=\"multiple\" data-name=\"mfile-205\" data-type=\"jpg|jpeg|tiff|png|gif|bmp|doc|docx\" data-limit=\"16000000\" data-min=\"1\" data-max=\"10\" data-id=\"265\" data-version=\"free version 1.3.9.7\" accept=\".jpg, .jpeg, .tiff, .png, .gif, .bmp, .doc, .docx\" data-black-list=\"exe|bat|com\" \/><\/span>\n<\/p>\n\n<p><input class=\"wpcf7-form-control wpcf7-submit has-spinner\" type=\"submit\" value=\"Send\" \/>\n<\/p>\n<p><script>\ndocument.addEventListener( 'wpcf7mailsent', function( event ) {\n location = 'https:\/\/www.reparationpiscine.ca\/en\/thank-you\/';\n}, false );\n<\/script>\n<\/p><div class=\"wpcf7-response-output\" aria-hidden=\"true\"><\/div>\n<\/form>\n<\/div>\n[\/vc_column][\/mk_page_section][mk_page_section bg_color=&#8221;#065c8e&#8221; bg_position=&#8221;center bottom&#8221; bg_repeat=&#8221;no-repeat&#8221; bg_stretch=&#8221;true&#8221; enable_3d=&#8221;true&#8221; video_color_mask=&#8221;#000000&#8243; video_opacity=&#8221;0.42&#8243; js_vertical_centered=&#8221;true&#8221; padding_top=&#8221;25&#8243; padding_bottom=&#8221;25&#8243; sidebar=&#8221;sidebar-1&#8243;][vc_column][mk_fancy_title color=&#8221;#ffffff&#8221; size=&#8221;38&#8243; force_font_size=&#8221;true&#8221; size_tablet=&#8221;32&#8243; size_phone=&#8221;28&#8243; font_weight=&#8221;bold&#8221; font_family=&#8221;none&#8221; align=&#8221;center&#8221;]High-quality in-ground pool renovation[\/mk_fancy_title][vc_separator color=&#8221;custom&#8221; border_width=&#8221;4&#8243; accent_color=&#8221;#ffffff&#8221;][vc_row_inner][vc_column_inner width=&#8221;1\/3&#8243;][mk_fancy_title tag_name=&#8221;span&#8221; color=&#8221;#ffffff&#8221; size=&#8221;16&#8243; font_weight=&#8221;400&#8243; font_family=&#8221;none&#8221; responsive_align=&#8221;left&#8221;]At Entreprises Jean Milord, our team of professional, detail-oriented experts perform interior and exterior in-ground pool renovations for the residential, commercial and institutional sectors (hotels, residences, condominiums and more). In fact, we have the necessary experience to perform all of your in-ground pool renovation work with panache. We serve Montreal and the surrounding areas, as well as Laval, the North Shore region, the Laurentians (Saint-J\u00e9r\u00f4me, Saint-Sauveur, Sainte-Ad\u00e8le, Sainte-Th\u00e9r\u00e8se, Blainville, Mirabel, etc.) and Montreal West.[\/mk_fancy_title][\/vc_column_inner][vc_column_inner width=&#8221;1\/3&#8243;][mk_fancy_title tag_name=&#8221;span&#8221; color=&#8221;#ffffff&#8221; size=&#8221;16&#8243; font_weight=&#8221;400&#8243; font_family=&#8221;none&#8221; responsive_align=&#8221;left&#8221;]To help you take full advantage of your in-ground pool throughout the summer, we offer you a full range of renovation services. In fact, we\u2019ll perform your pool renovation work with utmost diligence and professionalism. This includes changing the liner, re-grouting the tiles, cleaning the walls and floor, completely refurbishing the pool, repainting it, sand blasting it, draining and changing all of the water and any other major renovations that may be necessary. What\u2019s more, we have the necessary expertise, equipment and high-quality products to perform the work efficiently and flawlessly.<br \/>\n[\/mk_fancy_title][\/vc_column_inner][vc_column_inner width=&#8221;1\/3&#8243;][mk_fancy_title tag_name=&#8221;span&#8221; color=&#8221;#ffffff&#8221; size=&#8221;16&#8243; font_weight=&#8221;400&#8243; font_family=&#8221;none&#8221; responsive_align=&#8221;left&#8221;]Is your pool losing water? Do you have yet to find the leak? Call on our team of scuba diving technicians to inspect your pool without draining it. That way, you\u2019ll save a lot of time and money. Thanks to our many years of experience, our company has amassed a number of tools, tricks and shortcuts for locating water leaks in in-ground pools. These leaks can cause various types of serious damage, whether to your pool\u2019s liner or its structure, which is why it\u2019s important to have your pool inspected promptly if you notice that it\u2019s leaking.<br \/>\n[\/mk_fancy_title][\/vc_column_inner][\/vc_row_inner][\/vc_column][\/mk_page_section][mk_page_section bg_color=&#8221;#ffffff&#8221; bg_position=&#8221;center bottom&#8221; bg_repeat=&#8221;no-repeat&#8221; bg_stretch=&#8221;true&#8221; enable_3d=&#8221;true&#8221; video_color_mask=&#8221;#000000&#8243; video_opacity=&#8221;0&#8243; js_vertical_centered=&#8221;true&#8221; padding_top=&#8221;25&#8243; padding_bottom=&#8221;25&#8243; sidebar=&#8221;sidebar-1&#8243;][vc_column][mk_fancy_title color=&#8221;#000000&#8243; size=&#8221;38&#8243; force_font_size=&#8221;true&#8221; size_tablet=&#8221;32&#8243; size_phone=&#8221;28&#8243; font_weight=&#8221;bold&#8221; margin_bottom=&#8221;15&#8243; font_family=&#8221;none&#8221; align=&#8221;center&#8221;]A wide range of services for your concrete pool<br \/>\n[\/mk_fancy_title][vc_separator color=&#8221;custom&#8221; border_width=&#8221;4&#8243; accent_color=&#8221;#065c8e&#8221;][vc_row_inner][vc_column_inner width=&#8221;1\/3&#8243;][mk_fancy_title tag_name=&#8221;span&#8221; color=&#8221;#000000&#8243; size=&#8221;16&#8243; font_weight=&#8221;400&#8243; font_family=&#8221;none&#8221; responsive_align=&#8221;left&#8221;]In the spring, don\u2019t hesitate to entrust the reopening of your concrete pool to our professionals. When performing this service, our team will make sure to remove the leaves, thoroughly clean your pool, start the filter system and balance the water. Our shock treatments will result in clear water almost immediately so that, in just a few hours, your water will be balanced, healthy, clear, stabilized and, best of all, ready for swimming. Did you know that, if you start up your pool during the spring with properly calibrated water, you won\u2019t generally need to perform any shock treatments or add any chemicals (except chlorine) during the summer?<br \/>\n[\/mk_fancy_title][\/vc_column_inner][vc_column_inner width=&#8221;1\/3&#8243;][mk_fancy_title tag_name=&#8221;span&#8221; color=&#8221;#000000&#8243; size=&#8221;16&#8243; font_weight=&#8221;400&#8243; font_family=&#8221;none&#8221; responsive_align=&#8221;left&#8221;]In the performance of our services, we exclusively use and provide premium chemical products, thus guaranteeing you high-quality results with water that\u2019s crystal clear, fresh and well balanced. We also offer a full range of equipment for your concrete pool, including reliable high-performance pool heaters from major brands (Hayward-Summit, Helios, Braza, Titan, Thermeau, etc.) and heat pumps to ensure your comfort and pleasure while you\u2019re swimming.<br \/>\n[\/mk_fancy_title][\/vc_column_inner][vc_column_inner width=&#8221;1\/3&#8243;][mk_fancy_title tag_name=&#8221;span&#8221; color=&#8221;#000000&#8243; size=&#8221;16&#8243; font_weight=&#8221;400&#8243; font_family=&#8221;none&#8221; responsive_align=&#8221;left&#8221;]If your concrete pool needs specific repairs, renovation work or the replacement of certain components, our team of experts will carry out all of the work that\u2019s necessary to upgrade your pool and restore or even improve its appearance, impermeability and function.[\/mk_fancy_title][\/vc_column_inner][\/vc_row_inner][vc_row_inner][vc_column_inner][mk_fancy_title tag_name=&#8221;span&#8221; color=&#8221;#065c8e&#8221; size=&#8221;22&#8243; font_weight=&#8221;400&#8243; margin_bottom=&#8221;0&#8243; font_family=&#8221;none&#8221; responsive_align=&#8221;left&#8221;]Do you need pool maintenance information or advice? Would you like to schedule an appointment to get an estimate of the cost to sandblast or repair your in-ground pool? Or do you just need some tips on pool heaters and heat pumps? Don\u2019t hesitate to contact us, and we\u2019ll get back to you as quickly as possible.[\/mk_fancy_title][mk_fancy_title tag_name=&#8221;span&#8221; color=&#8221;#065c8e&#8221; size=&#8221;23&#8243; font_weight=&#8221;900&#8243; margin_bottom=&#8221;0&#8243; font_family=&#8221;none&#8221; responsive_align=&#8221;left&#8221;]Pool with liner: Please note that we offer repair or maintenance service but we do NOT CHANGE THE LINER.[\/mk_fancy_title][\/vc_column_inner][\/vc_row_inner][\/vc_column][\/mk_page_section][mk_page_section min_height=&#8221;0&#8243; full_width=&#8221;true&#8221; padding_top=&#8221;0&#8243; padding_bottom=&#8221;0&#8243; sidebar=&#8221;sidebar-1&#8243;][vc_column css=&#8221;.vc_custom_1623076096540{margin-top: 0px !important;margin-right: 0px !important;margin-bottom: 0px !important;margin-left: 0px !important;border-top-width: 0px !important;border-right-width: 0px !important;border-bottom-width: 0px !important;border-left-width: 0px !important;padding-top: 0px !important;padding-right: 0px !important;padding-bottom: 0px !important;padding-left: 0px !important;}&#8221;][vc_gmaps link=&#8221;#E-8_JTNDaWZyYW1lJTIwc3JjJTNEJTIyaHR0cHMlM0ElMkYlMkZ3d3cuZ29vZ2xlLmNvbSUyRm1hcHMlMkZlbWJlZCUzRnBiJTNEJTIxMW0xOCUyMTFtMTIlMjExbTMlMjExZDM1NzE2NC4zMDI5NjA5NjA4MyUyMTJkLTc0LjE0ODk0NzM4MzIyMzAyJTIxM2Q0NS42MjM3ODI3OTM0Mzk0MjUlMjEybTMlMjExZjAlMjEyZjAlMjEzZjAlMjEzbTIlMjExaTEwMjQlMjEyaTc2OCUyMTRmMTMuMSUyMTNtMyUyMTFtMiUyMTFzMHg0Y2M5Mzg5YjdjMDVkNTM1JTI1M0EweDI5NzY4YmYxMDc1NjlkZjElMjEyc0xlcyUyNTIwRW50cmVwcmlzZXMlMjUyMEplYW4lMjUyME1pbG9yZCUyNTIwSW5jJTIxNWUwJTIxM20yJTIxMXNmciUyMTJzY2ElMjE0djE2MjU2NjUwMzQ5MTUlMjE1bTIlMjExc2ZyJTIxMnNjYSUyMiUyMHdpZHRoJTNEJTIyNjAwJTIyJTIwaGVpZ2h0JTNEJTIyNDUwJTIyJTIwc3R5bGUlM0QlMjJib3JkZXIlM0EwJTNCJTIyJTIwYWxsb3dmdWxsc2NyZWVuJTNEJTIyJTIyJTIwbG9hZGluZyUzRCUyMmxhenklMjIlM0UlM0MlMkZpZnJhbWUlM0U=&#8221; size=&#8221;650px&#8221; css=&#8221;.vc_custom_1625665056905{margin-top: 0px !important;margin-right: 0px !important;margin-bottom: 0px !important;margin-left: 0px !important;border-top-width: 0px !important;border-right-width: 0px !important;border-bottom-width: 0px !important;border-left-width: 0px !important;padding-top: 0px !important;padding-right: 0px !important;padding-bottom: 0px !important;padding-left: 0px !important;}&#8221;][\/vc_column][\/mk_page_section]\n<\/div>","protected":false},"excerpt":{"rendered":"<p>[mk_page_section bg_image=&#8221;http:\/\/reparationpiscine.ca\/wp-content\/uploads\/piscine-creusee-toile-opt.jpg&#8221; bg_position=&#8221;center center&#8221; bg_repeat=&#8221;no-repeat&#8221; bg_stretch=&#8221;true&#8221; enable_3d=&#8221;true&#8221; video_opacity=&#8221;0&#8243; js_vertical_centered=&#8221;true&#8221; padding_top=&#8221;300&#8243; padding_bottom=&#8221;300&#8243; sidebar=&#8221;sidebar-1&#8243;][vc_column][mk_padding_divider visibility=&#8221;hidden-sm&#8221;][vc_row_inner][vc_column_inner][mk_padding_divider size=&#8221;30&#8243; visibility=&#8221;hidden-sm&#8221;][mk_fancy_title tag_name=&#8221;h1&#8243; color=&#8221;#ffffff&#8221; size=&#8221;52&#8243; force_font_size=&#8221;true&#8221; size_tablet=&#8221;42&#8243; size_phone=&#8221;32&#8243; font_weight=&#8221;bold&#8221; txt_transform=&#8221;uppercase&#8221; margin_bottom=&#8221;0&#8243; font_family=&#8221;none&#8221; align=&#8221;center&#8221; drop_shadow=&#8221;true&#8221; shadow_color=&#8221;#000000&#8243;]Specialized for concrete swimming pools, leak detection and water calibration[\/mk_fancy_title][vc_separator color=&#8221;white&#8221; border_width=&#8221;4&#8243; el_width=&#8221;20&#8243;][mk_fancy_title color=&#8221;#ffffff&#8221; size=&#8221;38&#8243; force_font_size=&#8221;true&#8221; size_tablet=&#8221;32&#8243; size_phone=&#8221;28&#8243; font_weight=&#8221;bold&#8221; margin_bottom=&#8221;0&#8243; font_family=&#8221;none&#8221; align=&#8221;center&#8221; drop_shadow=&#8221;true&#8221; shadow_color=&#8221;#000000&#8243;](514) 705-8918[\/mk_fancy_title][\/vc_column_inner][\/vc_row_inner][\/vc_column][\/mk_page_section][mk_page_section bg_color=&#8221;#065c8e&#8221; bg_position=&#8221;center bottom&#8221; [&hellip;]<\/p>\n","protected":false},"author":2,"featured_media":0,"parent":0,"menu_order":0,"comment_status":"closed","ping_status":"closed","template":"","meta":{"footnotes":""},"class_list":["post-259","page","type-page","status-publish","hentry"],"yoast_head":"<!-- This site is optimized with the Yoast SEO plugin v27.5 - https:\/\/yoast.com\/product\/yoast-seo-wordpress\/ -->\n<title>Contact Us | Entreprises Jean Milord<\/title>\n<meta name=\"description\" content=\"Contact the experts in indoor and outdoor in-ground pools in Laval, the Laurentians and Montreal West. (514) 705-8918\" \/>\n<meta name=\"robots\" content=\"index, follow, max-snippet:-1, max-image-preview:large, max-video-preview:-1\" \/>\n<link rel=\"canonical\" href=\"https:\/\/reparationpiscine.ca\/en\/contact-us\/\" \/>\n<meta property=\"og:locale\" content=\"en_US\" \/>\n<meta property=\"og:type\" content=\"article\" \/>\n<meta property=\"og:title\" content=\"Contact Us | Entreprises Jean Milord\" \/>\n<meta property=\"og:description\" content=\"Contact the experts in indoor and outdoor in-ground pools in Laval, the Laurentians and Montreal West. (514) 705-8918\" \/>\n<meta property=\"og:url\" content=\"https:\/\/reparationpiscine.ca\/en\/contact-us\/\" \/>\n<meta property=\"og:site_name\" content=\"Entreprises Jean Milord inc.\" \/>\n<meta property=\"article:modified_time\" content=\"2026-03-24T20:41:00+00:00\" \/>\n<meta name=\"twitter:card\" content=\"summary_large_image\" \/>\n<meta name=\"twitter:label1\" content=\"Est. reading time\" \/>\n\t<meta name=\"twitter:data1\" content=\"5 minutes\" \/>\n<script type=\"application\/ld+json\" class=\"yoast-schema-graph\">{\"@context\":\"https:\\\/\\\/schema.org\",\"@graph\":[{\"@type\":\"WebPage\",\"@id\":\"https:\\\/\\\/reparationpiscine.ca\\\/en\\\/contact-us\\\/\",\"url\":\"https:\\\/\\\/reparationpiscine.ca\\\/en\\\/contact-us\\\/\",\"name\":\"Contact Us | Entreprises Jean Milord\",\"isPartOf\":{\"@id\":\"https:\\\/\\\/reparationpiscine.ca\\\/en\\\/#website\"},\"datePublished\":\"2021-06-07T13:18:09+00:00\",\"dateModified\":\"2026-03-24T20:41:00+00:00\",\"description\":\"Contact the experts in indoor and outdoor in-ground pools in Laval, the Laurentians and Montreal West. (514) 705-8918\",\"breadcrumb\":{\"@id\":\"https:\\\/\\\/reparationpiscine.ca\\\/en\\\/contact-us\\\/#breadcrumb\"},\"inLanguage\":\"en-CA\",\"potentialAction\":[{\"@type\":\"ReadAction\",\"target\":[\"https:\\\/\\\/reparationpiscine.ca\\\/en\\\/contact-us\\\/\"]}]},{\"@type\":\"BreadcrumbList\",\"@id\":\"https:\\\/\\\/reparationpiscine.ca\\\/en\\\/contact-us\\\/#breadcrumb\",\"itemListElement\":[{\"@type\":\"ListItem\",\"position\":1,\"name\":\"Home\",\"item\":\"https:\\\/\\\/reparationpiscine.ca\\\/en\\\/\"},{\"@type\":\"ListItem\",\"position\":2,\"name\":\"Contact Us\"}]},{\"@type\":\"WebSite\",\"@id\":\"https:\\\/\\\/reparationpiscine.ca\\\/en\\\/#website\",\"url\":\"https:\\\/\\\/reparationpiscine.ca\\\/en\\\/\",\"name\":\"Entreprises Jean Milord inc.\",\"description\":\"\",\"potentialAction\":[{\"@type\":\"SearchAction\",\"target\":{\"@type\":\"EntryPoint\",\"urlTemplate\":\"https:\\\/\\\/reparationpiscine.ca\\\/en\\\/?s={search_term_string}\"},\"query-input\":{\"@type\":\"PropertyValueSpecification\",\"valueRequired\":true,\"valueName\":\"search_term_string\"}}],\"inLanguage\":\"en-CA\"}]}<\/script>\n<!-- \/ Yoast SEO plugin. -->","yoast_head_json":{"title":"Contact Us | Entreprises Jean Milord","description":"Contact the experts in indoor and outdoor in-ground pools in Laval, the Laurentians and Montreal West. (514) 705-8918","robots":{"index":"index","follow":"follow","max-snippet":"max-snippet:-1","max-image-preview":"max-image-preview:large","max-video-preview":"max-video-preview:-1"},"canonical":"https:\/\/reparationpiscine.ca\/en\/contact-us\/","og_locale":"en_US","og_type":"article","og_title":"Contact Us | Entreprises Jean Milord","og_description":"Contact the experts in indoor and outdoor in-ground pools in Laval, the Laurentians and Montreal West. (514) 705-8918","og_url":"https:\/\/reparationpiscine.ca\/en\/contact-us\/","og_site_name":"Entreprises Jean Milord inc.","article_modified_time":"2026-03-24T20:41:00+00:00","twitter_card":"summary_large_image","twitter_misc":{"Est. reading time":"5 minutes"},"schema":{"@context":"https:\/\/schema.org","@graph":[{"@type":"WebPage","@id":"https:\/\/reparationpiscine.ca\/en\/contact-us\/","url":"https:\/\/reparationpiscine.ca\/en\/contact-us\/","name":"Contact Us | Entreprises Jean Milord","isPartOf":{"@id":"https:\/\/reparationpiscine.ca\/en\/#website"},"datePublished":"2021-06-07T13:18:09+00:00","dateModified":"2026-03-24T20:41:00+00:00","description":"Contact the experts in indoor and outdoor in-ground pools in Laval, the Laurentians and Montreal West. (514) 705-8918","breadcrumb":{"@id":"https:\/\/reparationpiscine.ca\/en\/contact-us\/#breadcrumb"},"inLanguage":"en-CA","potentialAction":[{"@type":"ReadAction","target":["https:\/\/reparationpiscine.ca\/en\/contact-us\/"]}]},{"@type":"BreadcrumbList","@id":"https:\/\/reparationpiscine.ca\/en\/contact-us\/#breadcrumb","itemListElement":[{"@type":"ListItem","position":1,"name":"Home","item":"https:\/\/reparationpiscine.ca\/en\/"},{"@type":"ListItem","position":2,"name":"Contact Us"}]},{"@type":"WebSite","@id":"https:\/\/reparationpiscine.ca\/en\/#website","url":"https:\/\/reparationpiscine.ca\/en\/","name":"Entreprises Jean Milord inc.","description":"","potentialAction":[{"@type":"SearchAction","target":{"@type":"EntryPoint","urlTemplate":"https:\/\/reparationpiscine.ca\/en\/?s={search_term_string}"},"query-input":{"@type":"PropertyValueSpecification","valueRequired":true,"valueName":"search_term_string"}}],"inLanguage":"en-CA"}]}},"_links":{"self":[{"href":"https:\/\/reparationpiscine.ca\/en\/wp-json\/wp\/v2\/pages\/259","targetHints":{"allow":["GET"]}}],"collection":[{"href":"https:\/\/reparationpiscine.ca\/en\/wp-json\/wp\/v2\/pages"}],"about":[{"href":"https:\/\/reparationpiscine.ca\/en\/wp-json\/wp\/v2\/types\/page"}],"author":[{"embeddable":true,"href":"https:\/\/reparationpiscine.ca\/en\/wp-json\/wp\/v2\/users\/2"}],"replies":[{"embeddable":true,"href":"https:\/\/reparationpiscine.ca\/en\/wp-json\/wp\/v2\/comments?post=259"}],"version-history":[{"count":10,"href":"https:\/\/reparationpiscine.ca\/en\/wp-json\/wp\/v2\/pages\/259\/revisions"}],"predecessor-version":[{"id":779,"href":"https:\/\/reparationpiscine.ca\/en\/wp-json\/wp\/v2\/pages\/259\/revisions\/779"}],"wp:attachment":[{"href":"https:\/\/reparationpiscine.ca\/en\/wp-json\/wp\/v2\/media?parent=259"}],"curies":[{"name":"wp","href":"https:\/\/api.w.org\/{rel}","templated":true}]}}