{"id":258,"date":"2021-05-05T07:05:44","date_gmt":"2021-05-05T12:05:44","guid":{"rendered":"http:\/\/reparationpiscine.ca\/a-propos\/"},"modified":"2026-03-24T15:44:42","modified_gmt":"2026-03-24T20:44:42","slug":"a-propos","status":"publish","type":"page","link":"https:\/\/reparationpiscine.ca\/en\/","title":{"rendered":"About us"},"content":{"rendered":"<div class=\"wpb-content-wrapper\">[mk_page_section bg_image=&#8221;http:\/\/reparationpiscine.ca\/wp-content\/uploads\/reparation-de-piscine-min-scaled.jpg&#8221; bg_color=&#8221;#000000&#8243; bg_position=&#8221;center top&#8221; bg_repeat=&#8221;no-repeat&#8221; bg_stretch=&#8221;true&#8221; enable_3d=&#8221;true&#8221; video_opacity=&#8221;0.65&#8243; js_vertical_centered=&#8221;true&#8221; padding_top=&#8221;90&#8243; padding_bottom=&#8221;90&#8243; sidebar=&#8221;sidebar-1&#8243;][vc_column][mk_padding_divider size=&#8221;120&#8243; visibility=&#8221;hidden-sm&#8221;][vc_row_inner][vc_column_inner width=&#8221;5\/12&#8243;][vc_single_image image=&#8221;55&#8243; img_size=&#8221;full&#8221; alignment=&#8221;center&#8221; css_animation=&#8221;rollIn&#8221;][\/vc_column_inner][vc_column_inner width=&#8221;7\/12&#8243;][mk_padding_divider size=&#8221;30&#8243; visibility=&#8221;hidden-sm&#8221;][mk_fancy_title tag_name=&#8221;h1&#8243; color=&#8221;#ffffff&#8221; size=&#8221;52&#8243; force_font_size=&#8221;true&#8221; size_tablet=&#8221;42&#8243; size_phone=&#8221;32&#8243; font_weight=&#8221;bold&#8221; margin_bottom=&#8221;0&#8243; font_family=&#8221;none&#8221; drop_shadow=&#8221;true&#8221; shadow_color=&#8221;#000000&#8243;]<span style=\"color: rgba(255,255,255,0.8);\"> THE POOL REPAIR<\/span> SPECIALISTS[\/mk_fancy_title][mk_fancy_title tag_name=&#8221;span&#8221; color=&#8221;#ffffff&#8221; size=&#8221;34&#8243; force_font_size=&#8221;true&#8221; size_tablet=&#8221;22&#8243; size_phone=&#8221;14&#8243; font_weight=&#8221;400&#8243; font_family=&#8221;none&#8221; drop_shadow=&#8221;true&#8221; shadow_color=&#8221;#000000&#8243;]Maintenance \u2022 Repairs \u2022 Renovations<br \/>\n[\/mk_fancy_title][\/vc_column_inner][\/vc_row_inner][mk_padding_divider size=&#8221;30&#8243; visibility=&#8221;hidden-sm&#8221;][mk_custom_box padding_horizental=&#8221;30&#8243; margin_bottom=&#8221;30&#8243; border_color_style=&#8221;single_color&#8221; border_color=&#8221;#ffffff&#8221; border_width=&#8221;4&#8243;][mk_fancy_title color=&#8221;#ffffff&#8221; size=&#8221;38&#8243; force_font_size=&#8221;true&#8221; size_tablet=&#8221;32&#8243; size_phone=&#8221;28&#8243; font_weight=&#8221;bold&#8221; font_family=&#8221;none&#8221; align=&#8221;center&#8221; drop_shadow=&#8221;true&#8221; shadow_color=&#8221;#000000&#8243;]About us<br \/>\nOver 20 years at your service<br \/>\n[\/mk_fancy_title][mk_fancy_title tag_name=&#8221;span&#8221; color=&#8221;#ffffff&#8221; size=&#8221;16&#8243; font_weight=&#8221;400&#8243; font_family=&#8221;none&#8221; align=&#8221;center&#8221;]In business since 2006 and well established for many years, our company has the necessary experience to manage all of your pool renovation and <strong>pool repair<\/strong> projects.<\/p>\n<p>From opening time to closing time, our prompt, professional team offers you all of the services, chemical products, heaters, <a href=\"https:\/\/reparationpiscine.ca\/en\/pool-heater\/\">heat pumps<\/a>, equipment and accessories you need for your pool.[\/mk_fancy_title][vc_raw_html]JTNDc2NyaXB0JTIwc3JjJTNEJTIyaHR0cHMlM0ElMkYlMkZmYXN0Lndpc3RpYS5jb20lMkZlbWJlZCUyRm1lZGlhcyUyRnV4eXE2NXRub2kuanNvbnAlMjIlMjBhc3luYyUzRSUzQyUyRnNjcmlwdCUzRSUzQ3NjcmlwdCUyMHNyYyUzRCUyMmh0dHBzJTNBJTJGJTJGZmFzdC53aXN0aWEuY29tJTJGYXNzZXRzJTJGZXh0ZXJuYWwlMkZFLXYxLmpzJTIyJTIwYXN5bmMlM0UlM0MlMkZzY3JpcHQlM0UlM0NkaXYlMjBjbGFzcyUzRCUyMndpc3RpYV9yZXNwb25zaXZlX3BhZGRpbmclMjIlMjBzdHlsZSUzRCUyMnBhZGRpbmclM0E1Ni4yNSUyNSUyMDAlMjAwJTIwMCUzQnBvc2l0aW9uJTNBcmVsYXRpdmUlM0IlMjIlM0UlM0NkaXYlMjBjbGFzcyUzRCUyMndpc3RpYV9yZXNwb25zaXZlX3dyYXBwZXIlMjIlMjBzdHlsZSUzRCUyMmhlaWdodCUzQTEwMCUyNSUzQmxlZnQlM0EwJTNCcG9zaXRpb24lM0FhYnNvbHV0ZSUzQnRvcCUzQTAlM0J3aWR0aCUzQTEwMCUyNSUzQiUyMiUzRSUzQ2RpdiUyMGNsYXNzJTNEJTIyd2lzdGlhX2VtYmVkJTIwd2lzdGlhX2FzeW5jX3V4eXE2NXRub2klMjBzZW8lM0RmYWxzZSUyMHZpZGVvRm9hbSUzRHRydWUlMjIlMjBzdHlsZSUzRCUyMmhlaWdodCUzQTEwMCUyNSUzQnBvc2l0aW9uJTNBcmVsYXRpdmUlM0J3aWR0aCUzQTEwMCUyNSUyMiUzRSUzQ2RpdiUyMGNsYXNzJTNEJTIyd2lzdGlhX3N3YXRjaCUyMiUyMHN0eWxlJTNEJTIyaGVpZ2h0JTNBMTAwJTI1JTNCbGVmdCUzQTAlM0JvcGFjaXR5JTNBMCUzQm92ZXJmbG93JTNBaGlkZGVuJTNCcG9zaXRpb24lM0FhYnNvbHV0ZSUzQnRvcCUzQTAlM0J0cmFuc2l0aW9uJTNBb3BhY2l0eSUyMDIwMG1zJTNCd2lkdGglM0ExMDAlMjUlM0IlMjIlM0UlM0NpbWclMjBzcmMlM0QlMjJodHRwcyUzQSUyRiUyRmZhc3Qud2lzdGlhLmNvbSUyRmVtYmVkJTJGbWVkaWFzJTJGdXh5cTY1dG5vaSUyRnN3YXRjaCUyMiUyMHN0eWxlJTNEJTIyZmlsdGVyJTNBYmx1ciUyODVweCUyOSUzQmhlaWdodCUzQTEwMCUyNSUzQm9iamVjdC1maXQlM0Fjb250YWluJTNCd2lkdGglM0ExMDAlMjUlM0IlMjIlMjBhbHQlM0QlMjIlMjIlMjBhcmlhLWhpZGRlbiUzRCUyMnRydWUlMjIlMjBvbmxvYWQlM0QlMjJ0aGlzLnBhcmVudE5vZGUuc3R5bGUub3BhY2l0eSUzRDElM0IlMjIlMjAlMkYlM0UlM0MlMkZkaXYlM0UlM0MlMkZkaXYlM0UlM0MlMkZkaXYlM0UlM0MlMkZkaXYlM0U=[\/vc_raw_html][\/mk_custom_box][\/vc_column][\/mk_page_section][mk_page_section bg_color=&#8221;#065c8e&#8221; bg_position=&#8221;center center&#8221; bg_repeat=&#8221;no-repeat&#8221; bg_stretch=&#8221;true&#8221; bg_gradient=&#8221;vertical&#8221; video_color_mask=&#8221;rgba(1,19,35,0.2)&#8221; gr_end=&#8221;rgba(1,19,35,0.6)&#8221; video_opacity=&#8221;0.5&#8243; js_vertical_centered=&#8221;true&#8221; padding_top=&#8221;25&#8243; padding_bottom=&#8221;25&#8243; sidebar=&#8221;sidebar-1&#8243;][vc_column][mk_fancy_title color=&#8221;#ffffff&#8221; size=&#8221;38&#8243; force_font_size=&#8221;true&#8221; size_tablet=&#8221;32&#8243; size_phone=&#8221;28&#8243; font_weight=&#8221;bold&#8221; margin_bottom=&#8221;0&#8243; font_family=&#8221;none&#8221; align=&#8221;center&#8221;]Services[\/mk_fancy_title][vc_row_inner][vc_column_inner width=&#8221;1\/2&#8243;][mk_custom_box padding_horizental=&#8221;30&#8243; margin_bottom=&#8221;30&#8243; border_color_style=&#8221;single_color&#8221; border_color=&#8221;#ffffff&#8221; border_width=&#8221;4&#8243;][mk_custom_list icon_color=&#8221;#ffffff&#8221; margin_bottom=&#8221;0&#8243; align=&#8221;left&#8221;]\n<ul>\n<li>In-ground pool maintenance<\/li>\n<li>Water calibration and shock treatments<\/li>\n<li>In-ground concrete pool renovations<\/li>\n<li>Vinyl and concrete in-ground pool repairs<\/li>\n<\/ul>\n[\/mk_custom_list][\/mk_custom_box][\/vc_column_inner][vc_column_inner width=&#8221;1\/2&#8243;][mk_custom_box padding_horizental=&#8221;30&#8243; margin_bottom=&#8221;30&#8243; border_color_style=&#8221;single_color&#8221; border_color=&#8221;#ffffff&#8221; border_width=&#8221;4&#8243;][mk_custom_list icon_color=&#8221;#ffffff&#8221; margin_bottom=&#8221;0&#8243; align=&#8221;left&#8221;]\n<ul>\n<li>Replacement of in-ground pool components<\/li>\n<li>Leak detection<\/li>\n<li>Chemical product sales and delivery<\/li>\n<li>Pool heater sales and installation (no repairs)<\/li>\n<\/ul>\n[\/mk_custom_list][\/mk_custom_box][\/vc_column_inner][\/vc_row_inner][\/vc_column][\/mk_page_section][mk_page_section bg_color=&#8221;#ffffff&#8221; bg_position=&#8221;center center&#8221; bg_repeat=&#8221;no-repeat&#8221; bg_stretch=&#8221;true&#8221; video_color_mask=&#8221;rgba(1,19,35,0.2)&#8221; video_opacity=&#8221;0&#8243; js_vertical_centered=&#8221;true&#8221; padding_top=&#8221;90&#8243; padding_bottom=&#8221;90&#8243; sidebar=&#8221;sidebar-1&#8243;][vc_column][mk_fancy_title color=&#8221;#065c8e&#8221; size=&#8221;32&#8243; force_font_size=&#8221;true&#8221; size_tablet=&#8221;28&#8243; size_phone=&#8221;24&#8243; font_weight=&#8221;bold&#8221; font_family=&#8221;none&#8221; align=&#8221;center&#8221;]In-ground pool repair<br \/>\n[\/mk_fancy_title][vc_column_text align=&#8221;center&#8221; css=&#8221;.vc_custom_1626115578050{margin-bottom: 0px !important;}&#8221;]<span style=\"color: #333333;\">The team of in-ground pool experts at Entreprises Jean Milord has been providing in-ground pool repairs and, specifically, concrete pool renovations in the residential, commercial and institutional sectors since 2006. The company serves Montreal and the surrounding areas, as well as Laval, the North Shore region and the Laurentians. You can rest assured that the services, products, equipment and accessories for your pool will be effective, functional and high quality all across the board.<\/span><\/p>\n<p><span style=\"color: #333333;\">Does you pool require specific repair work, renovations or the replacement of certain components? Our team offers the labor, parts and equipment that are necessary to upgrade your pool, restoring its original appearance, impermeability and operational efficiency.<\/span><\/p>\n<p><span style=\"color: #333333;\">Homeowners and the managers of hotels, residences and condominiums in the area can attest to our expertise, our professionalism and the quality of our work.<\/span>[\/vc_column_text][mk_padding_divider size=&#8221;20&#8243;][mk_button size=&#8221;large&#8221; url=&#8221;\/en\/concrete-in-ground-swimming-pool\/&#8221; align=&#8221;center&#8221; animation=&#8221;flip-x&#8221;]Learn more<br \/>\n[\/mk_button][\/vc_column][\/mk_page_section][mk_page_section bg_image=&#8221;http:\/\/reparationpiscine.ca\/wp-content\/uploads\/reparation-de-piscine-min-scaled.jpg&#8221; bg_position=&#8221;center bottom&#8221; bg_repeat=&#8221;no-repeat&#8221; bg_stretch=&#8221;true&#8221; enable_3d=&#8221;true&#8221; bg_gradient=&#8221;vertical&#8221; video_color_mask=&#8221;rgba(1,19,35,0.2)&#8221; gr_end=&#8221;rgba(1,19,35,0.6)&#8221; video_opacity=&#8221;1&#8243; js_vertical_centered=&#8221;true&#8221; padding_top=&#8221;90&#8243; padding_bottom=&#8221;90&#8243; sidebar=&#8221;sidebar-1&#8243;][vc_column width=&#8221;1\/3&#8243;][vc_row_inner][vc_column_inner][mk_custom_box padding_horizental=&#8221;30&#8243; margin_bottom=&#8221;30&#8243; border_color_style=&#8221;single_color&#8221; border_color=&#8221;#ffffff&#8221; border_width=&#8221;4&#8243;][mk_fancy_title color=&#8221;#ffffff&#8221; size=&#8221;38&#8243; force_font_size=&#8221;true&#8221; size_tablet=&#8221;32&#8243; size_phone=&#8221;28&#8243; font_weight=&#8221;bold&#8221; font_family=&#8221;none&#8221; align=&#8221;center&#8221; drop_shadow=&#8221;true&#8221; shadow_color=&#8221;#000000&#8243;]Pool blasting<br \/>\nand renovation[\/mk_fancy_title][mk_fancy_title tag_name=&#8221;span&#8221; color=&#8221;#ffffff&#8221; size=&#8221;16&#8243; font_weight=&#8221;400&#8243; margin_bottom=&#8221;0&#8243; font_family=&#8221;none&#8221; align=&#8221;center&#8221;]If your pool needs a new coat of paint, our team will rise to the challenge with the same rigor and attention to detail they invest in every pool project they undertake. First, they will remove the old, faded paint using sand blasting equipment. Once they have thoroughly blasted your pool, they\u2019ll properly prepare the surface so that the new coat of paint will adhere solidly for many years to come.<\/p>\n<p>Whether your pool needs regular, seasonal or periodic maintenance, leak detection and repair or major renovations, such as pool blasting, Entreprises Jean Milord will employ all of the mastery, equipment and high-quality products it takes to make your pool the refreshing oasis you\u2019ve been dreaming about!<\/p>\n<p>We serve the following areas: Saint-J\u00e9r\u00f4me, Saint-Sauveur, Sainte-Ad\u00e8le, Sainte-Th\u00e9r\u00e8se, Blainville, Mirabel, Laval and the West Island region of Montreal.<\/p>\n<p>We provide free estimates and we guarantee all of our parts and labor.[\/mk_fancy_title][\/mk_custom_box][\/vc_column_inner][\/vc_row_inner][\/vc_column][vc_column width=&#8221;1\/3&#8243;][vc_row_inner][vc_column_inner][mk_custom_box padding_horizental=&#8221;30&#8243; margin_bottom=&#8221;30&#8243; border_color_style=&#8221;single_color&#8221; border_color=&#8221;#ffffff&#8221; border_width=&#8221;4&#8243;][mk_fancy_title color=&#8221;#ffffff&#8221; size=&#8221;38&#8243; force_font_size=&#8221;true&#8221; size_tablet=&#8221;32&#8243; size_phone=&#8221;28&#8243; font_weight=&#8221;bold&#8221; font_family=&#8221;none&#8221; align=&#8221;center&#8221; drop_shadow=&#8221;true&#8221; shadow_color=&#8221;#000000&#8243;]The pool pumping specialists<br \/>\n[\/mk_fancy_title][mk_fancy_title tag_name=&#8221;span&#8221; color=&#8221;#ffffff&#8221; size=&#8221;16&#8243; font_weight=&#8221;400&#8243; font_family=&#8221;none&#8221; align=&#8221;center&#8221;]We will drain your in-ground pool carefully and professionally, whether to perform renovation work (changing the liner, re-grouting the tiles or touching up faded paint), thoroughly clean your pool (because the water is green, the floor and walls are greyish or covered in algae and hard-water deposits) or correct a water problem (for example, if you want to switch to a different treatment, but the old one and the new one are incompatible or if there are too many dissolved solids in the water, making it impossible to balance).<\/p>\n<p>Regardless of the reason, you can count on the services of our team of specialists to pump your pool.[\/mk_fancy_title][\/mk_custom_box][\/vc_column_inner][\/vc_row_inner][\/vc_column][vc_column width=&#8221;1\/3&#8243;][mk_custom_box padding_horizental=&#8221;30&#8243; margin_bottom=&#8221;30&#8243; border_color_style=&#8221;single_color&#8221; border_color=&#8221;#ffffff&#8221; border_width=&#8221;4&#8243;][mk_fancy_title color=&#8221;#ffffff&#8221; size=&#8221;38&#8243; force_font_size=&#8221;true&#8221; size_tablet=&#8221;32&#8243; size_phone=&#8221;28&#8243; font_weight=&#8221;bold&#8221; font_family=&#8221;none&#8221; align=&#8221;center&#8221; drop_shadow=&#8221;true&#8221; shadow_color=&#8221;#000000&#8243;]The pool leak detection experts<br \/>\n[\/mk_fancy_title][mk_fancy_title tag_name=&#8221;span&#8221; color=&#8221;#ffffff&#8221; size=&#8221;16&#8243; font_weight=&#8221;400&#8243; font_family=&#8221;none&#8221; align=&#8221;center&#8221;]Our meticulous, professional team will perform various tests, such as water pressure and color tests, to detect any leaks in your pool so they can repair them as quickly as possible. Water leaks can cause extensive damage to your pool\u2019s liner, as well as its structure. They can be located in different places, including the filter, the lights, the pipes, the liner and the concrete. We have the necessary expertise, equipment and high-quality products to detect leaks in your pool and repair them completely.[\/mk_fancy_title][vc_row_inner][vc_column_inner][mk_button dimension=&#8221;outline&#8221; size=&#8221;large&#8221; url=&#8221;\/en\/pool-leak-detection\/&#8221; align=&#8221;center&#8221; fullwidth=&#8221;true&#8221; outline_skin=&#8221;light&#8221;]Learn more[\/mk_button][\/vc_column_inner][\/vc_row_inner][\/mk_custom_box][\/vc_column][\/mk_page_section][mk_page_section bg_color=&#8221;#065c8e&#8221; bg_position=&#8221;center center&#8221; bg_repeat=&#8221;no-repeat&#8221; bg_stretch=&#8221;true&#8221; bg_gradient=&#8221;vertical&#8221; video_color_mask=&#8221;rgba(1,19,35,0.2)&#8221; gr_end=&#8221;rgba(1,19,35,0.6)&#8221; video_opacity=&#8221;0.5&#8243; min_height=&#8221;0&#8243; js_vertical_centered=&#8221;true&#8221; padding_top=&#8221;25&#8243; padding_bottom=&#8221;25&#8243; sidebar=&#8221;sidebar-1&#8243;][vc_column width=&#8221;7\/12&#8243;][mk_fancy_title color=&#8221;#ffffff&#8221; size=&#8221;30&#8243; force_font_size=&#8221;true&#8221; size_tablet=&#8221;30&#8243; size_phone=&#8221;24&#8243; font_weight=&#8221;bold&#8221; margin_top=&#8221;10&#8243; margin_bottom=&#8221;0&#8243; font_family=&#8221;none&#8221; drop_shadow=&#8221;true&#8221; shadow_color=&#8221;#000000&#8243;]We care about your health and safety!<br \/>\n[\/mk_fancy_title][\/vc_column][vc_column width=&#8221;5\/12&#8243;][mk_button dimension=&#8221;outline&#8221; size=&#8221;large&#8221; url=&#8221;\/en\/contact-us\/&#8221; align=&#8221;center&#8221; fullwidth=&#8221;true&#8221; outline_skin=&#8221;light&#8221;]Request a quote[\/mk_button][mk_button dimension=&#8221;outline&#8221; size=&#8221;large&#8221; url=&#8221;tel:+15147058918&#8243; align=&#8221;center&#8221; fullwidth=&#8221;true&#8221; outline_skin=&#8221;light&#8221;](514) 705-8918[\/mk_button][\/vc_column][\/mk_page_section]\n<\/div>","protected":false},"excerpt":{"rendered":"<p>[mk_page_section bg_image=&#8221;http:\/\/reparationpiscine.ca\/wp-content\/uploads\/reparation-de-piscine-min-scaled.jpg&#8221; bg_color=&#8221;#000000&#8243; bg_position=&#8221;center top&#8221; bg_repeat=&#8221;no-repeat&#8221; bg_stretch=&#8221;true&#8221; enable_3d=&#8221;true&#8221; video_opacity=&#8221;0.65&#8243; js_vertical_centered=&#8221;true&#8221; padding_top=&#8221;90&#8243; padding_bottom=&#8221;90&#8243; sidebar=&#8221;sidebar-1&#8243;][vc_column][mk_padding_divider size=&#8221;120&#8243; visibility=&#8221;hidden-sm&#8221;][vc_row_inner][vc_column_inner width=&#8221;5\/12&#8243;][vc_single_image image=&#8221;55&#8243; img_size=&#8221;full&#8221; alignment=&#8221;center&#8221; css_animation=&#8221;rollIn&#8221;][\/vc_column_inner][vc_column_inner width=&#8221;7\/12&#8243;][mk_padding_divider size=&#8221;30&#8243; visibility=&#8221;hidden-sm&#8221;][mk_fancy_title tag_name=&#8221;h1&#8243; color=&#8221;#ffffff&#8221; size=&#8221;52&#8243; force_font_size=&#8221;true&#8221; size_tablet=&#8221;42&#8243; size_phone=&#8221;32&#8243; font_weight=&#8221;bold&#8221; margin_bottom=&#8221;0&#8243; font_family=&#8221;none&#8221; drop_shadow=&#8221;true&#8221; shadow_color=&#8221;#000000&#8243;] THE POOL REPAIR SPECIALISTS[\/mk_fancy_title][mk_fancy_title tag_name=&#8221;span&#8221; color=&#8221;#ffffff&#8221; size=&#8221;34&#8243; force_font_size=&#8221;true&#8221; size_tablet=&#8221;22&#8243; size_phone=&#8221;14&#8243; font_weight=&#8221;400&#8243; font_family=&#8221;none&#8221; drop_shadow=&#8221;true&#8221; shadow_color=&#8221;#000000&#8243;]Maintenance \u2022 Repairs \u2022 Renovations [\/mk_fancy_title][\/vc_column_inner][\/vc_row_inner][mk_padding_divider size=&#8221;30&#8243; visibility=&#8221;hidden-sm&#8221;][mk_custom_box [&hellip;]<\/p>\n","protected":false},"author":2,"featured_media":0,"parent":0,"menu_order":0,"comment_status":"closed","ping_status":"closed","template":"","meta":{"footnotes":""},"class_list":["post-258","page","type-page","status-publish","hentry"],"yoast_head":"<!-- This site is optimized with the Yoast SEO plugin v27.5 - https:\/\/yoast.com\/product\/yoast-seo-wordpress\/ -->\n<title>Pool Repair in Laval and the Laurentians | Entreprises Jean Milord<\/title>\n<meta name=\"description\" content=\"Entreprises Jean Milord, indoor and outdoor in-ground pool repair and renovation in Laval, the Laurentians and Montreal West. (514) 705-8918\" \/>\n<meta name=\"robots\" content=\"index, follow, max-snippet:-1, max-image-preview:large, max-video-preview:-1\" \/>\n<link rel=\"canonical\" href=\"https:\/\/reparationpiscine.ca\/en\/\" \/>\n<meta property=\"og:locale\" content=\"en_US\" \/>\n<meta property=\"og:type\" content=\"article\" \/>\n<meta property=\"og:title\" content=\"Pool Repair in Laval and the Laurentians | Entreprises Jean Milord\" \/>\n<meta property=\"og:description\" content=\"Entreprises Jean Milord, indoor and outdoor in-ground pool repair and renovation in Laval, the Laurentians and Montreal West. (514) 705-8918\" \/>\n<meta property=\"og:url\" content=\"https:\/\/reparationpiscine.ca\/en\/\" \/>\n<meta property=\"og:site_name\" content=\"Entreprises Jean Milord inc.\" \/>\n<meta property=\"article:modified_time\" content=\"2026-03-24T20:44:42+00:00\" \/>\n<meta name=\"twitter:card\" content=\"summary_large_image\" \/>\n<meta name=\"twitter:label1\" content=\"Est. reading time\" \/>\n\t<meta name=\"twitter:data1\" content=\"5 minutes\" \/>\n<script type=\"application\/ld+json\" class=\"yoast-schema-graph\">{\"@context\":\"https:\\\/\\\/schema.org\",\"@graph\":[{\"@type\":\"WebPage\",\"@id\":\"https:\\\/\\\/reparationpiscine.ca\\\/en\\\/\",\"url\":\"https:\\\/\\\/reparationpiscine.ca\\\/en\\\/\",\"name\":\"Pool Repair in Laval and the Laurentians | Entreprises Jean Milord\",\"isPartOf\":{\"@id\":\"https:\\\/\\\/reparationpiscine.ca\\\/en\\\/#website\"},\"datePublished\":\"2021-05-05T12:05:44+00:00\",\"dateModified\":\"2026-03-24T20:44:42+00:00\",\"description\":\"Entreprises Jean Milord, indoor and outdoor in-ground pool repair and renovation in Laval, the Laurentians and Montreal West. (514) 705-8918\",\"breadcrumb\":{\"@id\":\"https:\\\/\\\/reparationpiscine.ca\\\/en\\\/#breadcrumb\"},\"inLanguage\":\"en-CA\",\"potentialAction\":[{\"@type\":\"ReadAction\",\"target\":[\"https:\\\/\\\/reparationpiscine.ca\\\/en\\\/\"]}]},{\"@type\":\"BreadcrumbList\",\"@id\":\"https:\\\/\\\/reparationpiscine.ca\\\/en\\\/#breadcrumb\",\"itemListElement\":[{\"@type\":\"ListItem\",\"position\":1,\"name\":\"Home\",\"item\":\"https:\\\/\\\/reparationpiscine.ca\\\/en\\\/\"},{\"@type\":\"ListItem\",\"position\":2,\"name\":\"About us\"}]},{\"@type\":\"WebSite\",\"@id\":\"https:\\\/\\\/reparationpiscine.ca\\\/en\\\/#website\",\"url\":\"https:\\\/\\\/reparationpiscine.ca\\\/en\\\/\",\"name\":\"Entreprises Jean Milord inc.\",\"description\":\"\",\"potentialAction\":[{\"@type\":\"SearchAction\",\"target\":{\"@type\":\"EntryPoint\",\"urlTemplate\":\"https:\\\/\\\/reparationpiscine.ca\\\/en\\\/?s={search_term_string}\"},\"query-input\":{\"@type\":\"PropertyValueSpecification\",\"valueRequired\":true,\"valueName\":\"search_term_string\"}}],\"inLanguage\":\"en-CA\"}]}<\/script>\n<!-- \/ Yoast SEO plugin. -->","yoast_head_json":{"title":"Pool Repair in Laval and the Laurentians | Entreprises Jean Milord","description":"Entreprises Jean Milord, indoor and outdoor in-ground pool repair and renovation in Laval, the Laurentians and Montreal West. (514) 705-8918","robots":{"index":"index","follow":"follow","max-snippet":"max-snippet:-1","max-image-preview":"max-image-preview:large","max-video-preview":"max-video-preview:-1"},"canonical":"https:\/\/reparationpiscine.ca\/en\/","og_locale":"en_US","og_type":"article","og_title":"Pool Repair in Laval and the Laurentians | Entreprises Jean Milord","og_description":"Entreprises Jean Milord, indoor and outdoor in-ground pool repair and renovation in Laval, the Laurentians and Montreal West. (514) 705-8918","og_url":"https:\/\/reparationpiscine.ca\/en\/","og_site_name":"Entreprises Jean Milord inc.","article_modified_time":"2026-03-24T20:44:42+00:00","twitter_card":"summary_large_image","twitter_misc":{"Est. reading time":"5 minutes"},"schema":{"@context":"https:\/\/schema.org","@graph":[{"@type":"WebPage","@id":"https:\/\/reparationpiscine.ca\/en\/","url":"https:\/\/reparationpiscine.ca\/en\/","name":"Pool Repair in Laval and the Laurentians | Entreprises Jean Milord","isPartOf":{"@id":"https:\/\/reparationpiscine.ca\/en\/#website"},"datePublished":"2021-05-05T12:05:44+00:00","dateModified":"2026-03-24T20:44:42+00:00","description":"Entreprises Jean Milord, indoor and outdoor in-ground pool repair and renovation in Laval, the Laurentians and Montreal West. (514) 705-8918","breadcrumb":{"@id":"https:\/\/reparationpiscine.ca\/en\/#breadcrumb"},"inLanguage":"en-CA","potentialAction":[{"@type":"ReadAction","target":["https:\/\/reparationpiscine.ca\/en\/"]}]},{"@type":"BreadcrumbList","@id":"https:\/\/reparationpiscine.ca\/en\/#breadcrumb","itemListElement":[{"@type":"ListItem","position":1,"name":"Home","item":"https:\/\/reparationpiscine.ca\/en\/"},{"@type":"ListItem","position":2,"name":"About us"}]},{"@type":"WebSite","@id":"https:\/\/reparationpiscine.ca\/en\/#website","url":"https:\/\/reparationpiscine.ca\/en\/","name":"Entreprises Jean Milord inc.","description":"","potentialAction":[{"@type":"SearchAction","target":{"@type":"EntryPoint","urlTemplate":"https:\/\/reparationpiscine.ca\/en\/?s={search_term_string}"},"query-input":{"@type":"PropertyValueSpecification","valueRequired":true,"valueName":"search_term_string"}}],"inLanguage":"en-CA"}]}},"_links":{"self":[{"href":"https:\/\/reparationpiscine.ca\/en\/wp-json\/wp\/v2\/pages\/258","targetHints":{"allow":["GET"]}}],"collection":[{"href":"https:\/\/reparationpiscine.ca\/en\/wp-json\/wp\/v2\/pages"}],"about":[{"href":"https:\/\/reparationpiscine.ca\/en\/wp-json\/wp\/v2\/types\/page"}],"author":[{"embeddable":true,"href":"https:\/\/reparationpiscine.ca\/en\/wp-json\/wp\/v2\/users\/2"}],"replies":[{"embeddable":true,"href":"https:\/\/reparationpiscine.ca\/en\/wp-json\/wp\/v2\/comments?post=258"}],"version-history":[{"count":13,"href":"https:\/\/reparationpiscine.ca\/en\/wp-json\/wp\/v2\/pages\/258\/revisions"}],"predecessor-version":[{"id":781,"href":"https:\/\/reparationpiscine.ca\/en\/wp-json\/wp\/v2\/pages\/258\/revisions\/781"}],"wp:attachment":[{"href":"https:\/\/reparationpiscine.ca\/en\/wp-json\/wp\/v2\/media?parent=258"}],"curies":[{"name":"wp","href":"https:\/\/api.w.org\/{rel}","templated":true}]}}